{"id":42049,"date":"2021-08-17T14:00:28","date_gmt":"2021-08-17T13:00:28","guid":{"rendered":"http:\/\/inmo.financiat.es\/financiamos-tu-reforma\/"},"modified":"2021-09-28T19:45:07","modified_gmt":"2021-09-28T18:45:07","slug":"financiamos-tu-reforma","status":"publish","type":"page","link":"https:\/\/inmo.financiat.es\/es\/financiamos-tu-reforma\/","title":{"rendered":"Financiamos tu reforma"},"content":{"rendered":"\t\t<div data-elementor-type=\"wp-page\" data-elementor-id=\"42049\" class=\"elementor elementor-42049\" data-elementor-settings=\"[]\">\n\t\t\t\t\t\t\t<div class=\"elementor-section-wrap\">\n\t\t\t\t\t\t\t<section class=\"elementor-section elementor-top-section elementor-element elementor-element-53107b88 elementor-section-boxed elementor-section-height-default elementor-section-height-default\" data-id=\"53107b88\" data-element_type=\"section\">\n\t\t\t\t\t\t<div class=\"elementor-container elementor-column-gap-default\">\n\t\t\t\t\t<div class=\"elementor-column elementor-col-100 elementor-top-column elementor-element elementor-element-15dc2a16\" data-id=\"15dc2a16\" data-element_type=\"column\">\n\t\t\t<div class=\"elementor-widget-wrap elementor-element-populated\">\n\t\t\t\t\t\t\t\t<div class=\"elementor-element elementor-element-27b8f55 elementor-invisible elementor-widget elementor-widget-heading\" data-id=\"27b8f55\" data-element_type=\"widget\" data-settings=\"{&quot;_animation&quot;:&quot;slideInLeft&quot;}\" data-widget_type=\"heading.default\">\n\t\t\t\t<div class=\"elementor-widget-container\">\n\t\t\t<h1 class=\"elementor-heading-title elementor-size-xl\">Financiamos tu reforma<\/h1>\t\t<\/div>\n\t\t\t\t<\/div>\n\t\t\t\t<section class=\"elementor-section elementor-inner-section elementor-element elementor-element-648eb88e elementor-section-boxed elementor-section-height-default elementor-section-height-default\" data-id=\"648eb88e\" data-element_type=\"section\">\n\t\t\t\t\t\t<div class=\"elementor-container elementor-column-gap-default\">\n\t\t\t\t\t<div class=\"elementor-column elementor-col-100 elementor-inner-column elementor-element elementor-element-35e9d4bf\" data-id=\"35e9d4bf\" data-element_type=\"column\">\n\t\t\t<div class=\"elementor-widget-wrap elementor-element-populated\">\n\t\t\t\t\t\t\t\t<div class=\"elementor-element elementor-element-482ede85 elementor-widget elementor-widget-image\" data-id=\"482ede85\" data-element_type=\"widget\" data-widget_type=\"image.default\">\n\t\t\t\t<div class=\"elementor-widget-container\">\n\t\t\t\t\t\t\t\t\t\t\t\t\t\t\t<img loading=\"lazy\" decoding=\"async\" width=\"612\" height=\"408\" src=\"https:\/\/inmo.financiat.es\/wp-content\/uploads\/2021\/08\/istockphoto-949187600-612x612-1.jpg\" class=\"attachment-large size-large\" alt=\"\" srcset=\"https:\/\/inmo.financiat.es\/wp-content\/uploads\/2021\/08\/istockphoto-949187600-612x612-1.jpg 612w, https:\/\/inmo.financiat.es\/wp-content\/uploads\/2021\/08\/istockphoto-949187600-612x612-1-300x200.jpg 300w, https:\/\/inmo.financiat.es\/wp-content\/uploads\/2021\/08\/istockphoto-949187600-612x612-1-150x100.jpg 150w, https:\/\/inmo.financiat.es\/wp-content\/uploads\/2021\/08\/istockphoto-949187600-612x612-1-488x326.jpg 488w\" sizes=\"auto, (max-width: 612px) 100vw, 612px\" \/>\t\t\t\t\t\t\t\t\t\t\t\t\t\t\t<\/div>\n\t\t\t\t<\/div>\n\t\t\t\t<div class=\"elementor-element elementor-element-3b6f34ea elementor-widget elementor-widget-text-editor\" data-id=\"3b6f34ea\" data-element_type=\"widget\" data-widget_type=\"text-editor.default\">\n\t\t\t\t<div class=\"elementor-widget-container\">\n\t\t\t\t\t\t\t<p class=\"MsoNormal\">\n            <b>SI ESTAS PENSANDO EN DARLE UN NUEVO AIRE A TU NEGOCIO O VIVIENDA O BIEN NECESITAS REFORMAR CON URGENCIA POR CUALQUIER MOTIVO NOSOTROS TE LO FINANCIAMOS, POR LA VIA PRIVADA O BANCARIA SEGUN TU SITUACION.<\/b>\n          <\/p>\n<p class=\"MsoNormal\">En FINANCIA-T tenemos claro que es una buena decisi\u00f3n invertir en mejorar tus propiedades.<\/p>\n<p class=\"MsoNormal\">Ya que poco a poco con el paso del tiempo van desvaloriz\u00e1ndose y as\u00ed conseguir\u00e1s mantener un valor de mercado actualizado de tus activos. Si tienes la intenci\u00f3n y no dispones del capital cuenta con nosotros.<\/p>\n<p class=\"MsoNormal\">No dejes acumular en una larga y cara lista, sin que puedas afrontarla, podremos ayudarte sea cual sea tu situaci\u00f3n, te contamos como:<\/p>\n<p class=\"MsoNormal\"><b>En FINANCIA-T no tenemos en cuenta si tienes RAI o ASNEF y no cuentas con n\u00f3mina<\/b>, pero quieres reformar tu vivienda o local para poder venderlo a un precio m\u00e1s elevado, solo con la garant\u00eda de tu propiedad conseguiremos el dinero para la reforma que necesitas.<\/p>\n<p class=\"MsoNormal\">En FINANCIA-T podemos conseguirte <b>hasta 60.000 \u20ac<\/b> en formato de cr\u00e9dito personal con solo tu n\u00f3mina y presupuesto de reforma si cuentas con contrato indefinido y no acarreas con filtros o en su defecto podemos plantearlo como cr\u00e9dito hipotecario logrando as\u00ed intereses m\u00e1s bajos.<\/p>\n<p class=\"MsoNormal\">\n            <b>ADEMAS NO QUEREMOS DEJAR DE CONTARTE QUE DEBIDO A QUE ES UNO DE NUESTROS PRODUCTOS ESTRELLA, COLABORAMOS CON GRANDES EMPRESAS DE REFORMAS A NIVEL NACIONAL QUE ESTARAN GUSTOSAS DE REALIZARTE UN PRESUPUESTO GRATUITO Y SIN COMPROMISO ESTES DONDE ESTES PARA REFORMAR LO QUE NECESITES Y SIEMPRE CON EL OBJETIVO DE BRINDARTE LA MEJOR ATENCION, CALIDAD DE MATERIALES Y PRECIO PARA TODOS LOS CLIENTES DE FINANCIA-T<\/b>\n          <\/p>\n<p class=\"p2\">\n<p class=\"MsoNormal\">Disponemos de dinero a trav\u00e9s de Pr\u00e9stamos con garant\u00eda hipotecaria. Solo es necesario disponer de una propiedad para poder disfrutar de uno de estos pr\u00e9stamos para reformas. <b>A partir de un m\u00ednimo de 15.000 \u20ac hasta cantidades solamente limitadas por el valor de mercado del inmueble.<\/b><\/p>\n\t\t\t\t\t\t<\/div>\n\t\t\t\t<\/div>\n\t\t\t\t\t<\/div>\n\t\t<\/div>\n\t\t\t\t\t\t\t<\/div>\n\t\t<\/section>\n\t\t\t\t<div class=\"elementor-element elementor-element-1489246b elementor-widget-divider--view-line elementor-widget elementor-widget-divider\" data-id=\"1489246b\" data-element_type=\"widget\" data-widget_type=\"divider.default\">\n\t\t\t\t<div class=\"elementor-widget-container\">\n\t\t\t\t\t<div class=\"elementor-divider\">\n\t\t\t<span class=\"elementor-divider-separator\">\n\t\t\t\t\t\t<\/span>\n\t\t<\/div>\n\t\t\t\t<\/div>\n\t\t\t\t<\/div>\n\t\t\t\t\t<\/div>\n\t\t<\/div>\n\t\t\t\t\t\t\t<\/div>\n\t\t<\/section>\n\t\t\t\t<section class=\"elementor-section elementor-top-section elementor-element elementor-element-2c94911b elementor-section-boxed elementor-section-height-default elementor-section-height-default\" data-id=\"2c94911b\" data-element_type=\"section\">\n\t\t\t\t\t\t<div class=\"elementor-container elementor-column-gap-default\">\n\t\t\t\t\t<div class=\"elementor-column elementor-col-100 elementor-top-column elementor-element elementor-element-67a94fc6\" data-id=\"67a94fc6\" data-element_type=\"column\">\n\t\t\t<div class=\"elementor-widget-wrap elementor-element-populated\">\n\t\t\t\t\t\t\t\t<div class=\"elementor-element elementor-element-66077bae elementor-shape-rounded elementor-grid-0 e-grid-align-center elementor-widget elementor-widget-social-icons\" data-id=\"66077bae\" data-element_type=\"widget\" data-widget_type=\"social-icons.default\">\n\t\t\t\t<div class=\"elementor-widget-container\">\n\t\t\t\t\t<div class=\"elementor-social-icons-wrapper elementor-grid\">\n\t\t\t\t\t\t\t<span class=\"elementor-grid-item\">\n\t\t\t\t\t<a class=\"elementor-icon elementor-social-icon elementor-social-icon-facebook elementor-repeater-item-372473c\" target=\"_blank\">\n\t\t\t\t\t\t<span class=\"elementor-screen-only\">Facebook<\/span>\n\t\t\t\t\t\t<i class=\"fab fa-facebook\"><\/i>\t\t\t\t\t<\/a>\n\t\t\t\t<\/span>\n\t\t\t\t\t\t\t<span class=\"elementor-grid-item\">\n\t\t\t\t\t<a class=\"elementor-icon elementor-social-icon elementor-social-icon-twitter elementor-repeater-item-3357506\" target=\"_blank\">\n\t\t\t\t\t\t<span class=\"elementor-screen-only\">Twitter<\/span>\n\t\t\t\t\t\t<i class=\"fab fa-twitter\"><\/i>\t\t\t\t\t<\/a>\n\t\t\t\t<\/span>\n\t\t\t\t\t\t\t<span class=\"elementor-grid-item\">\n\t\t\t\t\t<a class=\"elementor-icon elementor-social-icon elementor-social-icon-youtube elementor-repeater-item-953a472\" target=\"_blank\">\n\t\t\t\t\t\t<span class=\"elementor-screen-only\">Youtube<\/span>\n\t\t\t\t\t\t<i class=\"fab fa-youtube\"><\/i>\t\t\t\t\t<\/a>\n\t\t\t\t<\/span>\n\t\t\t\t\t<\/div>\n\t\t\t\t<\/div>\n\t\t\t\t<\/div>\n\t\t\t\t\t<\/div>\n\t\t<\/div>\n\t\t\t\t\t\t\t<\/div>\n\t\t<\/section>\n\t\t\t\t<section class=\"elementor-section elementor-top-section elementor-element elementor-element-d44a373 elementor-section-boxed elementor-section-height-default elementor-section-height-default\" data-id=\"d44a373\" data-element_type=\"section\">\n\t\t\t\t\t\t<div class=\"elementor-container elementor-column-gap-default\">\n\t\t\t\t\t<div class=\"elementor-column elementor-col-100 elementor-top-column elementor-element elementor-element-77334164\" data-id=\"77334164\" data-element_type=\"column\">\n\t\t\t<div class=\"elementor-widget-wrap elementor-element-populated\">\n\t\t\t\t\t\t\t\t<div class=\"elementor-element elementor-element-b9f5874 elementor-widget elementor-widget-slider_revolution\" data-id=\"b9f5874\" data-element_type=\"widget\" data-widget_type=\"slider_revolution.default\">\n\t\t\t\t<div class=\"elementor-widget-container\">\n\t\t\t\t\t<script type=\"text\/javascript\">window.parent.elementorSelectRevSlider();<\/script>\n\t\t\n\t\t<div class=\"wp-block-themepunch-revslider\"><\/div>\n\n\t\t\t\t<\/div>\n\t\t\t\t<\/div>\n\t\t\t\t\t<\/div>\n\t\t<\/div>\n\t\t\t\t\t\t\t<\/div>\n\t\t<\/section>\n\t\t\t\t<section class=\"elementor-section elementor-top-section elementor-element elementor-element-f9fb828 elementor-section-boxed elementor-section-height-default elementor-section-height-default\" data-id=\"f9fb828\" data-element_type=\"section\">\n\t\t\t\t\t\t<div class=\"elementor-container elementor-column-gap-default\">\n\t\t\t\t\t<div class=\"elementor-column elementor-col-100 elementor-top-column elementor-element elementor-element-6674a01e\" data-id=\"6674a01e\" data-element_type=\"column\">\n\t\t\t<div class=\"elementor-widget-wrap elementor-element-populated\">\n\t\t\t\t\t\t\t\t<div class=\"elementor-element elementor-element-660e2fe7 elementor-widget elementor-widget-heading\" data-id=\"660e2fe7\" data-element_type=\"widget\" data-widget_type=\"heading.default\">\n\t\t\t\t<div class=\"elementor-widget-container\">\n\t\t\t<h2 class=\"elementor-heading-title elementor-size-default\">!Cont\u00e1ctenos!<\/h2>\t\t<\/div>\n\t\t\t\t<\/div>\n\t\t\t\t\t<\/div>\n\t\t<\/div>\n\t\t\t\t\t\t\t<\/div>\n\t\t<\/section>\n\t\t\t\t<section class=\"elementor-section elementor-top-section elementor-element elementor-element-287ba9b8 elementor-section-boxed elementor-section-height-default elementor-section-height-default\" data-id=\"287ba9b8\" data-element_type=\"section\">\n\t\t\t\t\t\t<div class=\"elementor-container elementor-column-gap-default\">\n\t\t\t\t\t<div class=\"elementor-column elementor-col-100 elementor-top-column elementor-element elementor-element-641fb3d4\" data-id=\"641fb3d4\" data-element_type=\"column\">\n\t\t\t<div class=\"elementor-widget-wrap elementor-element-populated\">\n\t\t\t\t\t\t\t\t<div class=\"elementor-element elementor-element-30d88032 elementor-button-align-stretch elementor-widget elementor-widget-form\" data-id=\"30d88032\" data-element_type=\"widget\" data-settings=\"{&quot;step_next_label&quot;:&quot;Next&quot;,&quot;step_previous_label&quot;:&quot;Previous&quot;,&quot;button_width&quot;:&quot;100&quot;,&quot;step_type&quot;:&quot;number_text&quot;,&quot;step_icon_shape&quot;:&quot;circle&quot;}\" data-widget_type=\"form.default\">\n\t\t\t\t<div class=\"elementor-widget-container\">\n\t\t\t\t\t<form class=\"elementor-form\" method=\"post\" name=\"New Form\">\n\t\t\t<input type=\"hidden\" name=\"post_id\" value=\"42049\"\/>\n\t\t\t<input type=\"hidden\" name=\"form_id\" value=\"30d88032\"\/>\n\n\t\t\t\n\t\t\t<div class=\"elementor-form-fields-wrapper elementor-labels-above\">\n\t\t\t\t\t\t\t\t<div class=\"elementor-field-type-text elementor-field-group elementor-column elementor-field-group-name elementor-col-50 elementor-field-required elementor-mark-required\">\n\t\t\t\t\t<label for=\"form-field-name\" class=\"elementor-field-label\">Nombre<\/label><input size=\"1\" type=\"text\" name=\"form_fields[name]\" id=\"form-field-name\" class=\"elementor-field elementor-size-sm  elementor-field-textual\" required=\"required\" aria-required=\"true\">\t\t\t\t<\/div>\n\t\t\t\t\t\t\t\t<div class=\"elementor-field-type-email elementor-field-group elementor-column elementor-field-group-email elementor-col-50 elementor-field-required elementor-mark-required\">\n\t\t\t\t\t<label for=\"form-field-email\" class=\"elementor-field-label\">Correo electr\u00f3nico<\/label><input size=\"1\" type=\"email\" name=\"form_fields[email]\" id=\"form-field-email\" class=\"elementor-field elementor-size-sm  elementor-field-textual\" required=\"required\" aria-required=\"true\">\t\t\t\t<\/div>\n\t\t\t\t\t\t\t\t<div class=\"elementor-field-type-text elementor-field-group elementor-column elementor-field-group-field_fe064c5 elementor-col-50\">\n\t\t\t\t\t<label for=\"form-field-field_fe064c5\" class=\"elementor-field-label\">Tel\u00e9fono<\/label><input size=\"1\" type=\"text\" name=\"form_fields[field_fe064c5]\" id=\"form-field-field_fe064c5\" class=\"elementor-field elementor-size-sm  elementor-field-textual\">\t\t\t\t<\/div>\n\t\t\t\t\t\t\t\t<div class=\"elementor-field-type-textarea elementor-field-group elementor-column elementor-field-group-message elementor-col-50\">\n\t\t\t\t\t<label for=\"form-field-message\" class=\"elementor-field-label\">Mensaje<\/label><textarea class=\"elementor-field-textual elementor-field  elementor-size-sm\" name=\"form_fields[message]\" id=\"form-field-message\" rows=\"4\"><\/textarea>\t\t\t\t<\/div>\n\t\t\t\t\t\t\t\t<div class=\"elementor-field-type-recaptcha_v3 elementor-field-group elementor-column elementor-field-group-field_4ddfb8e elementor-col-100 recaptcha_v3-inline\">\n\t\t\t\t\t<div class=\"elementor-field\" id=\"form-field-field_4ddfb8e\"><div class=\"elementor-g-recaptcha\" data-sitekey=\"6LdO98kbAAAAALKsoMpojb-mfHaTTr2wAI9W_mOP\" data-type=\"v3\" data-action=\"Form\" data-badge=\"inline\" data-size=\"invisible\"><\/div><\/div>\t\t\t\t<\/div>\n\t\t\t\t\t\t\t\t<div class=\"elementor-field-type-acceptance elementor-field-group elementor-column elementor-field-group-field_fe9bc7b elementor-col-100 elementor-field-required elementor-mark-required\">\n\t\t\t\t\t<div class=\"elementor-field-subgroup\"><span class=\"elementor-field-option\"><input type=\"checkbox\" name=\"form_fields[field_fe9bc7b]\" id=\"form-field-field_fe9bc7b\" class=\"elementor-field elementor-size-sm  elementor-acceptance-field\" required=\"required\" aria-required=\"true\"> <label for=\"form-field-field_fe9bc7b\">He le\u00eddo y acepto la pol\u00edtica de privacidad<\/label><\/span><\/div>\t\t\t\t<\/div>\n\t\t\t\t\t\t\t\t<div class=\"elementor-field-type-html elementor-field-group elementor-column elementor-field-group-field_406ec0e elementor-col-100\">\n\t\t\t\t\t\n          <div class=\"et_pb_text_inner\">\n            <p>\n              <strong>\n                <font style=\"vertical-align: inherit;\">\n                  <font style=\"vertical-align: inherit;\">Informaci\u00f3n b\u00e1sica sobre protecci\u00f3n de datos<\/font>\n                <\/font>\n              <\/strong>\n            <\/p>\n            \n\n            <ul class=\"blue-dot\">\n              \n\n              <li><strong><font style=\"vertical-align: inherit;\"><font style=\"vertical-align: inherit;\">Responsable del tratamiento de datos<\/font><\/font><\/strong><font style=\"vertical-align: inherit;\"><font style=\"vertical-align: inherit;\"> : FINANCIA-T<\/font><\/font><\/li>\n              \n\n              <li><strong><font style=\"vertical-align: inherit;\"><font style=\"vertical-align: inherit;\">Finalidad del tratamiento de datos<\/font><\/font><\/strong><font style=\"vertical-align: inherit;\"><font style=\"vertical-align: inherit;\"> Gestionar la intermediaci\u00f3n de pr\u00e9stamos personales o cr\u00e9ditos hipotecarios entre nuestros clientes.<\/font><\/font><\/li>\n              \n\n              <li><strong><font style=\"vertical-align: inherit;\"><font style=\"vertical-align: inherit;\">Legitimaci\u00f3n del tratamiento de datos<\/font><\/font><\/strong><font style=\"vertical-align: inherit;\"><font style=\"vertical-align: inherit;\"> La ejecuci\u00f3n de los contratos o el consentimiento de los interesados<\/font><\/font><\/li>\n              \n\n              <li><strong><font style=\"vertical-align: inherit;\"><font style=\"vertical-align: inherit;\" class=\"\">Destinatarios de cesiones o transferencias de datos<\/font><\/font><\/strong><font style=\"vertical-align: inherit;\"><font style=\"vertical-align: inherit;\" class=\"\"> Los datos se comparten con las empresas que intervienen en la gesti\u00f3n del pr\u00e9stamo o cr\u00e9dito. <\/font> <font style=\"vertical-align: inherit;\">No hacemos transferencias internacionales de datos.<\/font><\/font><\/li>\n              \n\n              <li><strong><font style=\"vertical-align: inherit;\"><font style=\"vertical-align: inherit;\">Derechos de las personas interesadas<\/font><\/font><\/strong><font style=\"vertical-align: inherit;\"><font style=\"vertical-align: inherit;\"> Acceder, rectificar y suprimir los datos, as\u00ed como otros derechos, como se explica en la informaci\u00f3n adicional<\/font><\/font><\/li>\n              \n\n              <li><strong><font style=\"vertical-align: inherit;\"><font style=\"vertical-align: inherit;\">Informaci\u00f3n adicional<\/font><\/font><\/strong><font style=\"vertical-align: inherit;\"><font style=\"vertical-align: inherit;\"> Puede consultar la informaci\u00f3n adicional y detallada sobre Protecci\u00f3n de Datos en nuestra p\u00e1gina web: arcofinanciacion.es en el apartado \u201cPol\u00edtica de Privacidad\u201d<\/font><\/font><\/li>\n              \n\n              <li>\n                <a href=\"http:\/\/inmo.financiat.es\/?page_id=3\">\n                  <strong>\n                    <font style=\"vertical-align: inherit;\">\n                      <font style=\"vertical-align: inherit;\">Pol\u00edtica de Privacidad<\/font>\n                    <\/font>\n                  <\/strong>\n                <\/a>\n              <\/li>\n              \n\n            <\/ul>\n          <\/div>\n        \t\t\t\t<\/div>\n\t\t\t\t\t\t\t\t<div class=\"elementor-field-group elementor-column elementor-field-type-submit elementor-col-100 e-form__buttons\">\n\t\t\t\t\t<button type=\"submit\" class=\"elementor-button elementor-size-sm\">\n\t\t\t\t\t\t<span >\n\t\t\t\t\t\t\t\t\t\t\t\t\t\t\t<span class=\" elementor-button-icon\">\n\t\t\t\t\t\t\t\t\t\t\t\t\t\t\t\t\t\t\t\t\t\t\t\t\t\t<\/span>\n\t\t\t\t\t\t\t\t\t\t\t\t\t\t\t\t\t\t\t\t\t\t<span class=\"elementor-button-text\">Env\u00edar<\/span>\n\t\t\t\t\t\t\t\t\t\t\t\t\t<\/span>\n\t\t\t\t\t<\/button>\n\t\t\t\t<\/div>\n\t\t\t<\/div>\n\t\t<\/form>\n\t\t\t\t<\/div>\n\t\t\t\t<\/div>\n\t\t\t\t\t<\/div>\n\t\t<\/div>\n\t\t\t\t\t\t\t<\/div>\n\t\t<\/section>\n\t\t\t\t\t\t<\/div>\n\t\t\t\t\t<\/div>\n\t\t","protected":false},"excerpt":{"rendered":"<p>Financiamos tu reforma SI ESTAS PENSANDO EN DARLE UN NUEVO AIRE A TU NEGOCIO O VIVIENDA O BIEN NECESITAS REFORMAR CON URGENCIA POR CUALQUIER MOTIVO NOSOTROS TE LO FINANCIAMOS, POR LA VIA PRIVADA O BANCARIA SEGUN TU SITUACION. En FINANCIA-T tenemos claro que es una buena decisi\u00f3n invertir en mejorar tus propiedades. Ya que poco&#8230;<\/p>\n","protected":false},"author":1,"featured_media":0,"parent":0,"menu_order":0,"comment_status":"closed","ping_status":"closed","template":"","meta":{"footnotes":""},"class_list":["post-42049","page","type-page","status-publish","hentry"],"_links":{"self":[{"href":"https:\/\/inmo.financiat.es\/es\/wp-json\/wp\/v2\/pages\/42049","targetHints":{"allow":["GET"]}}],"collection":[{"href":"https:\/\/inmo.financiat.es\/es\/wp-json\/wp\/v2\/pages"}],"about":[{"href":"https:\/\/inmo.financiat.es\/es\/wp-json\/wp\/v2\/types\/page"}],"author":[{"embeddable":true,"href":"https:\/\/inmo.financiat.es\/es\/wp-json\/wp\/v2\/users\/1"}],"replies":[{"embeddable":true,"href":"https:\/\/inmo.financiat.es\/es\/wp-json\/wp\/v2\/comments?post=42049"}],"version-history":[{"count":9,"href":"https:\/\/inmo.financiat.es\/es\/wp-json\/wp\/v2\/pages\/42049\/revisions"}],"predecessor-version":[{"id":42328,"href":"https:\/\/inmo.financiat.es\/es\/wp-json\/wp\/v2\/pages\/42049\/revisions\/42328"}],"wp:attachment":[{"href":"https:\/\/inmo.financiat.es\/es\/wp-json\/wp\/v2\/media?parent=42049"}],"curies":[{"name":"wp","href":"https:\/\/api.w.org\/{rel}","templated":true}]}}