{"id":37766,"date":"2021-07-10T17:48:34","date_gmt":"2021-07-10T16:48:34","guid":{"rendered":"http:\/\/inmo.financiat.es\/prestamos-a-empresas\/"},"modified":"2021-09-28T19:35:34","modified_gmt":"2021-09-28T18:35:34","slug":"prestamos-a-empresas","status":"publish","type":"page","link":"https:\/\/inmo.financiat.es\/es\/prestamos-a-empresas\/","title":{"rendered":"Pr\u00e9stamos a empresas"},"content":{"rendered":"\t\t<div data-elementor-type=\"wp-page\" data-elementor-id=\"37766\" class=\"elementor elementor-37766\" data-elementor-settings=\"[]\">\n\t\t\t\t\t\t\t<div class=\"elementor-section-wrap\">\n\t\t\t\t\t\t\t<section class=\"elementor-section elementor-top-section elementor-element elementor-element-3feacb4f elementor-section-boxed elementor-section-height-default elementor-section-height-default\" data-id=\"3feacb4f\" data-element_type=\"section\">\n\t\t\t\t\t\t<div class=\"elementor-container elementor-column-gap-default\">\n\t\t\t\t\t<div class=\"elementor-column elementor-col-100 elementor-top-column elementor-element elementor-element-64e2d132\" data-id=\"64e2d132\" data-element_type=\"column\">\n\t\t\t<div class=\"elementor-widget-wrap elementor-element-populated\">\n\t\t\t\t\t\t\t\t<div class=\"elementor-element elementor-element-1562ca21 elementor-invisible elementor-widget elementor-widget-heading\" data-id=\"1562ca21\" data-element_type=\"widget\" data-settings=\"{&quot;_animation&quot;:&quot;slideInLeft&quot;}\" data-widget_type=\"heading.default\">\n\t\t\t\t<div class=\"elementor-widget-container\">\n\t\t\t<h1 class=\"elementor-heading-title elementor-size-xl\">Pr\u00e9stamos a empresas<\/h1>\t\t<\/div>\n\t\t\t\t<\/div>\n\t\t\t\t<section class=\"elementor-section elementor-inner-section elementor-element elementor-element-30b23bfc elementor-section-boxed elementor-section-height-default elementor-section-height-default\" data-id=\"30b23bfc\" data-element_type=\"section\">\n\t\t\t\t\t\t<div class=\"elementor-container elementor-column-gap-default\">\n\t\t\t\t\t<div class=\"elementor-column elementor-col-100 elementor-inner-column elementor-element elementor-element-74c55942\" data-id=\"74c55942\" data-element_type=\"column\">\n\t\t\t<div class=\"elementor-widget-wrap elementor-element-populated\">\n\t\t\t\t\t\t\t\t<div class=\"elementor-element elementor-element-15ffc2b5 elementor-widget elementor-widget-image\" data-id=\"15ffc2b5\" data-element_type=\"widget\" data-widget_type=\"image.default\">\n\t\t\t\t<div class=\"elementor-widget-container\">\n\t\t\t\t\t\t\t\t\t\t\t\t\t\t\t<img loading=\"lazy\" decoding=\"async\" width=\"828\" height=\"414\" src=\"https:\/\/inmo.financiat.es\/wp-content\/uploads\/2021\/08\/what-is-a-business-loan-and-how-can-my-company-get-one-1024x512.jpg\" class=\"attachment-large size-large\" alt=\"\" srcset=\"https:\/\/inmo.financiat.es\/wp-content\/uploads\/2021\/08\/what-is-a-business-loan-and-how-can-my-company-get-one-1024x512.jpg 1024w, https:\/\/inmo.financiat.es\/wp-content\/uploads\/2021\/08\/what-is-a-business-loan-and-how-can-my-company-get-one-300x150.jpg 300w, https:\/\/inmo.financiat.es\/wp-content\/uploads\/2021\/08\/what-is-a-business-loan-and-how-can-my-company-get-one-768x384.jpg 768w, https:\/\/inmo.financiat.es\/wp-content\/uploads\/2021\/08\/what-is-a-business-loan-and-how-can-my-company-get-one-150x75.jpg 150w, https:\/\/inmo.financiat.es\/wp-content\/uploads\/2021\/08\/what-is-a-business-loan-and-how-can-my-company-get-one-536x269.jpg 536w, https:\/\/inmo.financiat.es\/wp-content\/uploads\/2021\/08\/what-is-a-business-loan-and-how-can-my-company-get-one.jpg 1500w\" sizes=\"auto, (max-width: 828px) 100vw, 828px\" \/>\t\t\t\t\t\t\t\t\t\t\t\t\t\t\t<\/div>\n\t\t\t\t<\/div>\n\t\t\t\t<div class=\"elementor-element elementor-element-22fed523 elementor-widget elementor-widget-text-editor\" data-id=\"22fed523\" data-element_type=\"widget\" data-widget_type=\"text-editor.default\">\n\t\t\t\t<div class=\"elementor-widget-container\">\n\t\t\t\t\t\t\t<p>\u00bfNecesitas financiaci\u00f3n? \u00bfEres aut\u00f3nomo y necesitas financiaci\u00f3n para tu empresa? Nuestro compromiso es hacer crecer su empresa, con nuestra l\u00ednea exclusiva de <b>PR\u00c9STAMOS PARA EMPRESA<\/b>, seremos sus asesores financieros, le acompa\u00f1aremos en el crecimiento de su empresa, solucion\u00e1ndole todos los problemas que tenga de financiaci\u00f3n.<\/p>\n<p>Recibir\u00e1 la atenci\u00f3n de un asesor personal, que conocer\u00e1 su empresa y sus necesidades. Conseguir\u00e1 de esa manera siempre soluciones a su medida. Conseguir\u00e1 de esa manera siempre soluciones a su medida. Ofrecemos pr\u00e9stamos con planes de amortizaci\u00f3n \u00e1giles y adaptados a sus necesidades,<\/p>\n<p>Disponemos fondos <b>a trav\u00e9s de nuestra exclusiva l\u00ednea de financiaci\u00f3n<\/b>que le permitir\u00e1n conseguir el dinero que le haga falta sin ninguna limitaci\u00f3n de cantidad . Con nuestras soluciones parala Financiaci\u00f3n de empresas, podr\u00e1s disponer de los recursos que necesitas paraque tu negocio y tu idea empresarial crezcan.<\/p>\n<p>Disponemos de la informaci\u00f3n necesaria para que usted pueda empezar su peque\u00f1a, mediana o gran empresa y disponemos de planes a corto, medio o largo plazo, en soluci\u00f3n para financiaci\u00f3n. Para que no te quedes con las ganas de emprender o de hacer m\u00e1s grande tu empresa.<\/p>\n<p>\n            <b>Al disponer de un asesor financiero personal, nos comprometemos a responderle con celeridad a cada petici\u00f3n de financiaci\u00f3n.<\/b>\n          <\/p>\n\t\t\t\t\t\t<\/div>\n\t\t\t\t<\/div>\n\t\t\t\t\t<\/div>\n\t\t<\/div>\n\t\t\t\t\t\t\t<\/div>\n\t\t<\/section>\n\t\t\t\t<div class=\"elementor-element elementor-element-47b56b62 elementor-widget-divider--view-line elementor-widget elementor-widget-divider\" data-id=\"47b56b62\" data-element_type=\"widget\" data-widget_type=\"divider.default\">\n\t\t\t\t<div class=\"elementor-widget-container\">\n\t\t\t\t\t<div class=\"elementor-divider\">\n\t\t\t<span class=\"elementor-divider-separator\">\n\t\t\t\t\t\t<\/span>\n\t\t<\/div>\n\t\t\t\t<\/div>\n\t\t\t\t<\/div>\n\t\t\t\t\t<\/div>\n\t\t<\/div>\n\t\t\t\t\t\t\t<\/div>\n\t\t<\/section>\n\t\t\t\t<section class=\"elementor-section elementor-top-section elementor-element elementor-element-11456236 elementor-section-boxed elementor-section-height-default elementor-section-height-default\" data-id=\"11456236\" data-element_type=\"section\">\n\t\t\t\t\t\t<div class=\"elementor-container elementor-column-gap-default\">\n\t\t\t\t\t<div class=\"elementor-column elementor-col-100 elementor-top-column elementor-element elementor-element-6a027f58\" data-id=\"6a027f58\" data-element_type=\"column\">\n\t\t\t<div class=\"elementor-widget-wrap elementor-element-populated\">\n\t\t\t\t\t\t\t\t<div class=\"elementor-element elementor-element-646cf71b elementor-shape-rounded elementor-grid-0 e-grid-align-center elementor-widget elementor-widget-social-icons\" data-id=\"646cf71b\" data-element_type=\"widget\" data-widget_type=\"social-icons.default\">\n\t\t\t\t<div class=\"elementor-widget-container\">\n\t\t\t\t\t<div class=\"elementor-social-icons-wrapper elementor-grid\">\n\t\t\t\t\t\t\t<span class=\"elementor-grid-item\">\n\t\t\t\t\t<a class=\"elementor-icon elementor-social-icon elementor-social-icon-facebook elementor-repeater-item-372473c\" target=\"_blank\">\n\t\t\t\t\t\t<span class=\"elementor-screen-only\">Facebook<\/span>\n\t\t\t\t\t\t<i class=\"fab fa-facebook\"><\/i>\t\t\t\t\t<\/a>\n\t\t\t\t<\/span>\n\t\t\t\t\t\t\t<span class=\"elementor-grid-item\">\n\t\t\t\t\t<a class=\"elementor-icon elementor-social-icon elementor-social-icon-twitter elementor-repeater-item-3357506\" target=\"_blank\">\n\t\t\t\t\t\t<span class=\"elementor-screen-only\">Twitter<\/span>\n\t\t\t\t\t\t<i class=\"fab fa-twitter\"><\/i>\t\t\t\t\t<\/a>\n\t\t\t\t<\/span>\n\t\t\t\t\t\t\t<span class=\"elementor-grid-item\">\n\t\t\t\t\t<a class=\"elementor-icon elementor-social-icon elementor-social-icon-youtube elementor-repeater-item-953a472\" target=\"_blank\">\n\t\t\t\t\t\t<span class=\"elementor-screen-only\">Youtube<\/span>\n\t\t\t\t\t\t<i class=\"fab fa-youtube\"><\/i>\t\t\t\t\t<\/a>\n\t\t\t\t<\/span>\n\t\t\t\t\t<\/div>\n\t\t\t\t<\/div>\n\t\t\t\t<\/div>\n\t\t\t\t\t<\/div>\n\t\t<\/div>\n\t\t\t\t\t\t\t<\/div>\n\t\t<\/section>\n\t\t\t\t<section class=\"elementor-section elementor-top-section elementor-element elementor-element-5c4e72ef elementor-section-boxed elementor-section-height-default elementor-section-height-default\" data-id=\"5c4e72ef\" data-element_type=\"section\">\n\t\t\t\t\t\t<div class=\"elementor-container elementor-column-gap-default\">\n\t\t\t\t\t<div class=\"elementor-column elementor-col-100 elementor-top-column elementor-element elementor-element-69330962\" data-id=\"69330962\" data-element_type=\"column\">\n\t\t\t<div class=\"elementor-widget-wrap elementor-element-populated\">\n\t\t\t\t\t\t\t\t<div class=\"elementor-element elementor-element-1b36f03e elementor-widget elementor-widget-slider_revolution\" data-id=\"1b36f03e\" data-element_type=\"widget\" data-widget_type=\"slider_revolution.default\">\n\t\t\t\t<div class=\"elementor-widget-container\">\n\t\t\t\t\t<script type=\"text\/javascript\">window.parent.elementorSelectRevSlider();<\/script>\n\t\t\n\t\t<div class=\"wp-block-themepunch-revslider\"><\/div>\n\n\t\t\t\t<\/div>\n\t\t\t\t<\/div>\n\t\t\t\t\t<\/div>\n\t\t<\/div>\n\t\t\t\t\t\t\t<\/div>\n\t\t<\/section>\n\t\t\t\t<section class=\"elementor-section elementor-top-section elementor-element elementor-element-1e82b25e elementor-section-boxed elementor-section-height-default elementor-section-height-default\" data-id=\"1e82b25e\" data-element_type=\"section\">\n\t\t\t\t\t\t<div class=\"elementor-container elementor-column-gap-default\">\n\t\t\t\t\t<div class=\"elementor-column elementor-col-100 elementor-top-column elementor-element elementor-element-1a9013ef\" data-id=\"1a9013ef\" data-element_type=\"column\">\n\t\t\t<div class=\"elementor-widget-wrap elementor-element-populated\">\n\t\t\t\t\t\t\t\t<div class=\"elementor-element elementor-element-2daf0124 elementor-widget elementor-widget-heading\" data-id=\"2daf0124\" data-element_type=\"widget\" data-widget_type=\"heading.default\">\n\t\t\t\t<div class=\"elementor-widget-container\">\n\t\t\t<h2 class=\"elementor-heading-title elementor-size-default\">!Cont\u00e1ctenos!<\/h2>\t\t<\/div>\n\t\t\t\t<\/div>\n\t\t\t\t\t<\/div>\n\t\t<\/div>\n\t\t\t\t\t\t\t<\/div>\n\t\t<\/section>\n\t\t\t\t<section class=\"elementor-section elementor-top-section elementor-element elementor-element-23f5429e elementor-section-boxed elementor-section-height-default elementor-section-height-default\" data-id=\"23f5429e\" data-element_type=\"section\">\n\t\t\t\t\t\t<div class=\"elementor-container elementor-column-gap-default\">\n\t\t\t\t\t<div class=\"elementor-column elementor-col-100 elementor-top-column elementor-element elementor-element-7c6db75e\" data-id=\"7c6db75e\" data-element_type=\"column\">\n\t\t\t<div class=\"elementor-widget-wrap elementor-element-populated\">\n\t\t\t\t\t\t\t\t<div class=\"elementor-element elementor-element-278ece89 elementor-button-align-stretch elementor-widget elementor-widget-form\" data-id=\"278ece89\" data-element_type=\"widget\" data-settings=\"{&quot;step_next_label&quot;:&quot;Siguiente&quot;,&quot;step_previous_label&quot;:&quot;Anterior&quot;,&quot;button_width&quot;:&quot;100&quot;,&quot;step_type&quot;:&quot;number_text&quot;,&quot;step_icon_shape&quot;:&quot;circle&quot;}\" data-widget_type=\"form.default\">\n\t\t\t\t<div class=\"elementor-widget-container\">\n\t\t\t\t\t<form class=\"elementor-form\" method=\"post\" name=\"New Form\">\n\t\t\t<input type=\"hidden\" name=\"post_id\" value=\"37766\"\/>\n\t\t\t<input type=\"hidden\" name=\"form_id\" value=\"278ece89\"\/>\n\n\t\t\t\n\t\t\t<div class=\"elementor-form-fields-wrapper elementor-labels-above\">\n\t\t\t\t\t\t\t\t<div class=\"elementor-field-type-text elementor-field-group elementor-column elementor-field-group-name elementor-col-50 elementor-field-required elementor-mark-required\">\n\t\t\t\t\t<label for=\"form-field-name\" class=\"elementor-field-label\">Nombre<\/label><input size=\"1\" type=\"text\" name=\"form_fields[name]\" id=\"form-field-name\" class=\"elementor-field elementor-size-sm  elementor-field-textual\" required=\"required\" aria-required=\"true\">\t\t\t\t<\/div>\n\t\t\t\t\t\t\t\t<div class=\"elementor-field-type-email elementor-field-group elementor-column elementor-field-group-email elementor-col-50 elementor-field-required elementor-mark-required\">\n\t\t\t\t\t<label for=\"form-field-email\" class=\"elementor-field-label\">Correo electr\u00f3nico<\/label><input size=\"1\" type=\"email\" name=\"form_fields[email]\" id=\"form-field-email\" class=\"elementor-field elementor-size-sm  elementor-field-textual\" required=\"required\" aria-required=\"true\">\t\t\t\t<\/div>\n\t\t\t\t\t\t\t\t<div class=\"elementor-field-type-text elementor-field-group elementor-column elementor-field-group-field_fe064c5 elementor-col-50\">\n\t\t\t\t\t<label for=\"form-field-field_fe064c5\" class=\"elementor-field-label\">Tel\u00e9fono<\/label><input size=\"1\" type=\"text\" name=\"form_fields[field_fe064c5]\" id=\"form-field-field_fe064c5\" class=\"elementor-field elementor-size-sm  elementor-field-textual\">\t\t\t\t<\/div>\n\t\t\t\t\t\t\t\t<div class=\"elementor-field-type-textarea elementor-field-group elementor-column elementor-field-group-message elementor-col-50\">\n\t\t\t\t\t<label for=\"form-field-message\" class=\"elementor-field-label\">Mensaje<\/label><textarea class=\"elementor-field-textual elementor-field  elementor-size-sm\" name=\"form_fields[message]\" id=\"form-field-message\" rows=\"4\"><\/textarea>\t\t\t\t<\/div>\n\t\t\t\t\t\t\t\t<div class=\"elementor-field-type-recaptcha_v3 elementor-field-group elementor-column elementor-field-group-field_4ddfb8e elementor-col-100 recaptcha_v3-inline\">\n\t\t\t\t\t<div class=\"elementor-field\" id=\"form-field-field_4ddfb8e\"><div class=\"elementor-g-recaptcha\" data-sitekey=\"6LdO98kbAAAAALKsoMpojb-mfHaTTr2wAI9W_mOP\" data-type=\"v3\" data-action=\"Form\" data-badge=\"inline\" data-size=\"invisible\"><\/div><\/div>\t\t\t\t<\/div>\n\t\t\t\t\t\t\t\t<div class=\"elementor-field-type-acceptance elementor-field-group elementor-column elementor-field-group-field_fe9bc7b elementor-col-100 elementor-field-required elementor-mark-required\">\n\t\t\t\t\t<div class=\"elementor-field-subgroup\"><span class=\"elementor-field-option\"><input type=\"checkbox\" name=\"form_fields[field_fe9bc7b]\" id=\"form-field-field_fe9bc7b\" class=\"elementor-field elementor-size-sm  elementor-acceptance-field\" required=\"required\" aria-required=\"true\"> <label for=\"form-field-field_fe9bc7b\">He le\u00eddo y acepto la pol\u00edtica de privacidad<\/label><\/span><\/div>\t\t\t\t<\/div>\n\t\t\t\t\t\t\t\t<div class=\"elementor-field-type-html elementor-field-group elementor-column elementor-field-group-field_406ec0e elementor-col-100\">\n\t\t\t\t\t\n          <div class=\"et_pb_text_inner\">\n            <p>\n              <strong>\n                <font style=\"vertical-align: inherit;\">\n                  <font style=\"vertical-align: inherit;\">Informaci\u00f3n b\u00e1sica sobre protecci\u00f3n de datos<\/font>\n                <\/font>\n              <\/strong>\n            <\/p>\n            \n\n            <ul class=\"blue-dot\">\n              \n\n              <li><strong><font style=\"vertical-align: inherit;\"><font style=\"vertical-align: inherit;\">Responsable del tratamiento de datos<\/font><\/font><\/strong><font style=\"vertical-align: inherit;\"><font style=\"vertical-align: inherit;\"> : FINANCIA-T<\/font><\/font><\/li>\n              \n\n              <li><strong><font style=\"vertical-align: inherit;\"><font style=\"vertical-align: inherit;\">Finalidad del tratamiento de datos<\/font><\/font><\/strong><font style=\"vertical-align: inherit;\"><font style=\"vertical-align: inherit;\"> Gestionar la intermediaci\u00f3n de pr\u00e9stamos personales o cr\u00e9ditos hipotecarios entre nuestros clientes.<\/font><\/font><\/li>\n              \n\n              <li><strong><font style=\"vertical-align: inherit;\"><font style=\"vertical-align: inherit;\">Legitimaci\u00f3n del tratamiento de datos<\/font><\/font><\/strong><font style=\"vertical-align: inherit;\"><font style=\"vertical-align: inherit;\"> La ejecuci\u00f3n de los contratos o el consentimiento de los interesados<\/font><\/font><\/li>\n              \n\n              <li><strong><font style=\"vertical-align: inherit;\"><font style=\"vertical-align: inherit;\" class=\"\">Destinatarios de cesiones o transferencias de datos<\/font><\/font><\/strong><font style=\"vertical-align: inherit;\"><font style=\"vertical-align: inherit;\" class=\"\"> Los datos se comparten con las empresas que intervienen en la gesti\u00f3n del pr\u00e9stamo o cr\u00e9dito. <\/font> <font style=\"vertical-align: inherit;\">No hacemos transferencias internacionales de datos.<\/font><\/font><\/li>\n              \n\n              <li><strong><font style=\"vertical-align: inherit;\"><font style=\"vertical-align: inherit;\">Derechos de las personas interesadas<\/font><\/font><\/strong><font style=\"vertical-align: inherit;\"><font style=\"vertical-align: inherit;\"> Acceder, rectificar y suprimir los datos, as\u00ed como otros derechos, como se explica en la informaci\u00f3n adicional<\/font><\/font><\/li>\n              \n\n              <li><strong><font style=\"vertical-align: inherit;\"><font style=\"vertical-align: inherit;\">Informaci\u00f3n adicional<\/font><\/font><\/strong><font style=\"vertical-align: inherit;\"><font style=\"vertical-align: inherit;\"> Puede consultar la informaci\u00f3n adicional y detallada sobre Protecci\u00f3n de Datos en nuestra p\u00e1gina web: arcofinanciacion.es en el apartado \u201cPol\u00edtica de Privacidad\u201d<\/font><\/font><\/li>\n              \n\n              <li>\n                <a href=\"http:\/\/inmo.financiat.es\/es\/politica-de-privacidad\/\">\n                  <strong>\n                    <font style=\"vertical-align: inherit;\">\n                      <font style=\"vertical-align: inherit;\">Pol\u00edtica de Privacidad<\/font>\n                    <\/font>\n                  <\/strong>\n                <\/a>\n              <\/li>\n              \n\n            <\/ul>\n          <\/div>\n        \t\t\t\t<\/div>\n\t\t\t\t\t\t\t\t<div class=\"elementor-field-group elementor-column elementor-field-type-submit elementor-col-100 e-form__buttons\">\n\t\t\t\t\t<button type=\"submit\" class=\"elementor-button elementor-size-sm\">\n\t\t\t\t\t\t<span >\n\t\t\t\t\t\t\t\t\t\t\t\t\t\t\t<span class=\" elementor-button-icon\">\n\t\t\t\t\t\t\t\t\t\t\t\t\t\t\t\t\t\t\t\t\t\t\t\t\t\t<\/span>\n\t\t\t\t\t\t\t\t\t\t\t\t\t\t\t\t\t\t\t\t\t\t<span class=\"elementor-button-text\">Env\u00edar<\/span>\n\t\t\t\t\t\t\t\t\t\t\t\t\t<\/span>\n\t\t\t\t\t<\/button>\n\t\t\t\t<\/div>\n\t\t\t<\/div>\n\t\t<\/form>\n\t\t\t\t<\/div>\n\t\t\t\t<\/div>\n\t\t\t\t\t<\/div>\n\t\t<\/div>\n\t\t\t\t\t\t\t<\/div>\n\t\t<\/section>\n\t\t\t\t\t\t<\/div>\n\t\t\t\t\t<\/div>\n\t\t","protected":false},"excerpt":{"rendered":"<p>Pr\u00e9stamos a empresas \u00bfNecesitas financiaci\u00f3n? \u00bfEres aut\u00f3nomo y necesitas financiaci\u00f3n para tu empresa? Nuestro compromiso es hacer crecer su empresa, con nuestra l\u00ednea exclusiva de PR\u00c9STAMOS PARA EMPRESA, seremos sus asesores financieros, le acompa\u00f1aremos en el crecimiento de su empresa, solucion\u00e1ndole todos los problemas que tenga de financiaci\u00f3n. Recibir\u00e1 la atenci\u00f3n de un asesor personal,&#8230;<\/p>\n","protected":false},"author":1,"featured_media":0,"parent":0,"menu_order":0,"comment_status":"closed","ping_status":"closed","template":"","meta":{"footnotes":""},"class_list":["post-37766","page","type-page","status-publish","hentry"],"_links":{"self":[{"href":"https:\/\/inmo.financiat.es\/es\/wp-json\/wp\/v2\/pages\/37766","targetHints":{"allow":["GET"]}}],"collection":[{"href":"https:\/\/inmo.financiat.es\/es\/wp-json\/wp\/v2\/pages"}],"about":[{"href":"https:\/\/inmo.financiat.es\/es\/wp-json\/wp\/v2\/types\/page"}],"author":[{"embeddable":true,"href":"https:\/\/inmo.financiat.es\/es\/wp-json\/wp\/v2\/users\/1"}],"replies":[{"embeddable":true,"href":"https:\/\/inmo.financiat.es\/es\/wp-json\/wp\/v2\/comments?post=37766"}],"version-history":[{"count":35,"href":"https:\/\/inmo.financiat.es\/es\/wp-json\/wp\/v2\/pages\/37766\/revisions"}],"predecessor-version":[{"id":42310,"href":"https:\/\/inmo.financiat.es\/es\/wp-json\/wp\/v2\/pages\/37766\/revisions\/42310"}],"wp:attachment":[{"href":"https:\/\/inmo.financiat.es\/es\/wp-json\/wp\/v2\/media?parent=37766"}],"curies":[{"name":"wp","href":"https:\/\/api.w.org\/{rel}","templated":true}]}}